{"id":74,"date":"2026-03-31T16:44:17","date_gmt":"2026-03-31T16:44:17","guid":{"rendered":"https:\/\/cd-couverture62.fr\/?page_id=74"},"modified":"2026-03-31T16:44:17","modified_gmt":"2026-03-31T16:44:17","slug":"galerie-de-nos-chantiers-lexpertise-cd-couverture-en-images","status":"publish","type":"page","link":"https:\/\/cd-couverture62.fr\/?page_id=74","title":{"rendered":"Galerie de nos chantiers : L\u2019expertise CD Couverture en images"},"content":{"rendered":"\n<p>La toiture est l&rsquo;\u00e9l\u00e9ment protecteur le plus important de votre habitat, mais c&rsquo;est aussi celui qui d\u00e9finit son caract\u00e8re architectural. Sur cette page, nous vous invitons \u00e0 d\u00e9couvrir un aper\u00e7u de nos interventions r\u00e9alis\u00e9es \u00e0 <strong>Billy-Berclau<\/strong> et dans un rayon de 50 km (Lens, B\u00e9thune, Lille, Arras).<\/p>\n\n\n\n<p>Chaque photo pr\u00e9sent\u00e9e ici t\u00e9moigne de notre engagement : allier la <strong>rigueur technique<\/strong> \u00e0 une <strong>finition artisanale irr\u00e9prochable<\/strong>.<\/p>\n\n\n\n<h4 class=\"wp-block-heading\">Un savoir-faire multi-mat\u00e9riaux<\/h4>\n\n\n\n<p>\u00c0 travers cette galerie, vous pourrez appr\u00e9cier la diversit\u00e9 de nos comp\u00e9tences techniques :<\/p>\n\n\n\n<ul class=\"wp-block-list\">\n<li><strong>Couvertures en tuiles :<\/strong> Pose de tuiles terre cuite ou b\u00e9ton, respectant les styles r\u00e9gionaux du Nord et du Pas-de-Calais.<\/li>\n\n\n\n<li><strong>Ardoises naturelles et synth\u00e9tiques :<\/strong> Des r\u00e9alisations de caract\u00e8re, alliant finesse et long\u00e9vit\u00e9 exceptionnelle.<\/li>\n\n\n\n<li><strong>Zinguerie et m\u00e9taux :<\/strong> Zoom sur nos fa\u00e7onnages sur-mesure en <strong>zinc<\/strong> et en <strong>cuivre<\/strong>, garantissant une \u00e9tanch\u00e9it\u00e9 parfaite des noues, des rives et des entourages de chemin\u00e9es.<\/li>\n\n\n\n<li><strong>Toits plats et terrasses :<\/strong> Nos solutions d&rsquo;\u00e9tanch\u00e9it\u00e9 par membrane EPDM ou PVC pour une protection moderne et durable.<\/li>\n<\/ul>\n\n\n\n<h4 class=\"wp-block-heading\">Pourquoi nous confier votre projet ?<\/h4>\n\n\n\n<p>Qu&rsquo;il s&rsquo;agisse d&rsquo;une r\u00e9novation compl\u00e8te apr\u00e8s sinistre, d&rsquo;un simple remaniement ou d&rsquo;une cr\u00e9ation sur maison neuve, nous appliquons la m\u00eame exigence de qualit\u00e9. Nos chantiers sont syst\u00e9matiquement couverts par notre <strong>garantie d\u00e9cennale<\/strong>, vous offrant une s\u00e9r\u00e9nit\u00e9 totale sur la tenue de vos ouvrages dans le temps.<\/p>\n\n\n\n<p><em>Parcourez nos r\u00e9alisations ci-dessous pour trouver l&rsquo;inspiration pour votre futur projet. Chaque maison est unique, et nous sommes l\u00e0 pour adapter notre technique \u00e0 vos envies.<\/em><\/p>\n\n\n\n<figure class=\"wp-block-gallery has-nested-images columns-default is-cropped wp-block-gallery-1 is-layout-flex wp-block-gallery-is-layout-flex\">\n<figure class=\"wp-block-image size-large\"><img loading=\"lazy\" decoding=\"async\" width=\"1024\" height=\"1024\" data-id=\"23\" src=\"https:\/\/cd-couverture62.fr\/wp-content\/uploads\/2026\/03\/3244cc73-2820-4d02-9378-593047e24474-1024x1024.jpg\" alt=\"\" class=\"wp-image-23\" srcset=\"https:\/\/cd-couverture62.fr\/wp-content\/uploads\/2026\/03\/3244cc73-2820-4d02-9378-593047e24474-1024x1024.jpg 1024w, https:\/\/cd-couverture62.fr\/wp-content\/uploads\/2026\/03\/3244cc73-2820-4d02-9378-593047e24474-300x300.jpg 300w, https:\/\/cd-couverture62.fr\/wp-content\/uploads\/2026\/03\/3244cc73-2820-4d02-9378-593047e24474-150x150.jpg 150w, https:\/\/cd-couverture62.fr\/wp-content\/uploads\/2026\/03\/3244cc73-2820-4d02-9378-593047e24474-768x768.jpg 768w, https:\/\/cd-couverture62.fr\/wp-content\/uploads\/2026\/03\/3244cc73-2820-4d02-9378-593047e24474-1536x1536.jpg 1536w, https:\/\/cd-couverture62.fr\/wp-content\/uploads\/2026\/03\/3244cc73-2820-4d02-9378-593047e24474.jpg 2048w\" sizes=\"auto, (max-width: 1024px) 100vw, 1024px\" \/><figcaption class=\"wp-element-caption\">Toiture en ardoise \u00e0 Lille<\/figcaption><\/figure>\n\n\n\n<figure class=\"wp-block-image size-large\"><img loading=\"lazy\" decoding=\"async\" width=\"768\" height=\"1024\" data-id=\"25\" src=\"https:\/\/cd-couverture62.fr\/wp-content\/uploads\/2026\/03\/IMG_2599-768x1024.jpg\" alt=\"\" class=\"wp-image-25\" srcset=\"https:\/\/cd-couverture62.fr\/wp-content\/uploads\/2026\/03\/IMG_2599-768x1024.jpg 768w, https:\/\/cd-couverture62.fr\/wp-content\/uploads\/2026\/03\/IMG_2599-225x300.jpg 225w, https:\/\/cd-couverture62.fr\/wp-content\/uploads\/2026\/03\/IMG_2599-1152x1536.jpg 1152w, https:\/\/cd-couverture62.fr\/wp-content\/uploads\/2026\/03\/IMG_2599.jpg 1536w\" sizes=\"auto, (max-width: 768px) 100vw, 768px\" \/><figcaption class=\"wp-element-caption\">Toiture en ardoise \u00e0 Arras<\/figcaption><\/figure>\n\n\n\n<figure class=\"wp-block-image size-large\"><img loading=\"lazy\" decoding=\"async\" width=\"1024\" height=\"1024\" data-id=\"22\" src=\"https:\/\/cd-couverture62.fr\/wp-content\/uploads\/2026\/03\/ed953e80-efb0-440d-90f9-a0b1020b2c61-1024x1024.jpg\" alt=\"\" class=\"wp-image-22\" srcset=\"https:\/\/cd-couverture62.fr\/wp-content\/uploads\/2026\/03\/ed953e80-efb0-440d-90f9-a0b1020b2c61-1024x1024.jpg 1024w, https:\/\/cd-couverture62.fr\/wp-content\/uploads\/2026\/03\/ed953e80-efb0-440d-90f9-a0b1020b2c61-300x300.jpg 300w, https:\/\/cd-couverture62.fr\/wp-content\/uploads\/2026\/03\/ed953e80-efb0-440d-90f9-a0b1020b2c61-150x150.jpg 150w, https:\/\/cd-couverture62.fr\/wp-content\/uploads\/2026\/03\/ed953e80-efb0-440d-90f9-a0b1020b2c61-768x768.jpg 768w, https:\/\/cd-couverture62.fr\/wp-content\/uploads\/2026\/03\/ed953e80-efb0-440d-90f9-a0b1020b2c61.jpg 1080w\" sizes=\"auto, (max-width: 1024px) 100vw, 1024px\" \/><figcaption class=\"wp-element-caption\">Toiture en ardoise \u00e0 Lens<\/figcaption><\/figure>\n\n\n\n<figure class=\"wp-block-image size-large\"><img loading=\"lazy\" decoding=\"async\" width=\"768\" height=\"1024\" data-id=\"31\" src=\"https:\/\/cd-couverture62.fr\/wp-content\/uploads\/2026\/03\/462071cd-46af-4181-a6ba-f01185255b90-768x1024.jpg\" alt=\"\" class=\"wp-image-31\" srcset=\"https:\/\/cd-couverture62.fr\/wp-content\/uploads\/2026\/03\/462071cd-46af-4181-a6ba-f01185255b90-768x1024.jpg 768w, https:\/\/cd-couverture62.fr\/wp-content\/uploads\/2026\/03\/462071cd-46af-4181-a6ba-f01185255b90-225x300.jpg 225w, https:\/\/cd-couverture62.fr\/wp-content\/uploads\/2026\/03\/462071cd-46af-4181-a6ba-f01185255b90.jpg 918w\" sizes=\"auto, (max-width: 768px) 100vw, 768px\" \/><figcaption class=\"wp-element-caption\">Toiture en plomb \u00e0 Lille<\/figcaption><\/figure>\n\n\n\n<figure class=\"wp-block-image size-large\"><img loading=\"lazy\" decoding=\"async\" width=\"917\" height=\"917\" data-id=\"30\" src=\"https:\/\/cd-couverture62.fr\/wp-content\/uploads\/2026\/03\/d9d45565-a08f-4e9f-bbce-9511d88d1f4c.jpg\" alt=\"\" class=\"wp-image-30\" srcset=\"https:\/\/cd-couverture62.fr\/wp-content\/uploads\/2026\/03\/d9d45565-a08f-4e9f-bbce-9511d88d1f4c.jpg 917w, https:\/\/cd-couverture62.fr\/wp-content\/uploads\/2026\/03\/d9d45565-a08f-4e9f-bbce-9511d88d1f4c-300x300.jpg 300w, https:\/\/cd-couverture62.fr\/wp-content\/uploads\/2026\/03\/d9d45565-a08f-4e9f-bbce-9511d88d1f4c-150x150.jpg 150w, https:\/\/cd-couverture62.fr\/wp-content\/uploads\/2026\/03\/d9d45565-a08f-4e9f-bbce-9511d88d1f4c-768x768.jpg 768w\" sizes=\"auto, (max-width: 917px) 100vw, 917px\" \/><figcaption class=\"wp-element-caption\">Pr\u00e9paration toiture en ardoise \u00e0 Lille<\/figcaption><\/figure>\n\n\n\n<figure class=\"wp-block-image size-large\"><img loading=\"lazy\" decoding=\"async\" width=\"768\" height=\"1024\" data-id=\"27\" src=\"https:\/\/cd-couverture62.fr\/wp-content\/uploads\/2026\/03\/IMG_2402-768x1024.jpg\" alt=\"\" class=\"wp-image-27\" srcset=\"https:\/\/cd-couverture62.fr\/wp-content\/uploads\/2026\/03\/IMG_2402-768x1024.jpg 768w, https:\/\/cd-couverture62.fr\/wp-content\/uploads\/2026\/03\/IMG_2402-225x300.jpg 225w, https:\/\/cd-couverture62.fr\/wp-content\/uploads\/2026\/03\/IMG_2402-1152x1536.jpg 1152w, https:\/\/cd-couverture62.fr\/wp-content\/uploads\/2026\/03\/IMG_2402.jpg 1536w\" sizes=\"auto, (max-width: 768px) 100vw, 768px\" \/><figcaption class=\"wp-element-caption\">Toiture en ardoise et en cuivre \u00e0 Lens<\/figcaption><\/figure>\n<\/figure>\n","protected":false},"excerpt":{"rendered":"<p>La toiture est l&rsquo;\u00e9l\u00e9ment protecteur le plus important de votre habitat, mais c&rsquo;est aussi celui qui d\u00e9finit son caract\u00e8re architectural. Sur cette page, nous vous invitons \u00e0 d\u00e9couvrir un aper\u00e7u de nos interventions r\u00e9alis\u00e9es \u00e0 Billy-Berclau et dans un rayon de 50 km (Lens, B\u00e9thune, Lille, Arras). Chaque photo pr\u00e9sent\u00e9e ici t\u00e9moigne de notre engagement [&hellip;]<\/p>\n","protected":false},"author":2,"featured_media":0,"parent":0,"menu_order":0,"comment_status":"closed","ping_status":"closed","template":"","meta":{"footnotes":""},"class_list":["post-74","page","type-page","status-publish","hentry"],"_links":{"self":[{"href":"https:\/\/cd-couverture62.fr\/index.php?rest_route=\/wp\/v2\/pages\/74","targetHints":{"allow":["GET"]}}],"collection":[{"href":"https:\/\/cd-couverture62.fr\/index.php?rest_route=\/wp\/v2\/pages"}],"about":[{"href":"https:\/\/cd-couverture62.fr\/index.php?rest_route=\/wp\/v2\/types\/page"}],"author":[{"embeddable":true,"href":"https:\/\/cd-couverture62.fr\/index.php?rest_route=\/wp\/v2\/users\/2"}],"replies":[{"embeddable":true,"href":"https:\/\/cd-couverture62.fr\/index.php?rest_route=%2Fwp%2Fv2%2Fcomments&post=74"}],"version-history":[{"count":1,"href":"https:\/\/cd-couverture62.fr\/index.php?rest_route=\/wp\/v2\/pages\/74\/revisions"}],"predecessor-version":[{"id":75,"href":"https:\/\/cd-couverture62.fr\/index.php?rest_route=\/wp\/v2\/pages\/74\/revisions\/75"}],"wp:attachment":[{"href":"https:\/\/cd-couverture62.fr\/index.php?rest_route=%2Fwp%2Fv2%2Fmedia&parent=74"}],"curies":[{"name":"wp","href":"https:\/\/api.w.org\/{rel}","templated":true}]}}